{"id":427,"date":"2018-01-10T11:53:56","date_gmt":"2018-01-10T11:53:56","guid":{"rendered":"http:\/\/victorthemes.com\/themes\/unova\/?page_id=427"},"modified":"2023-10-13T11:35:06","modified_gmt":"2023-10-13T14:35:06","slug":"home","status":"publish","type":"page","link":"https:\/\/partnerasesorias.cl\/web\/","title":{"rendered":"Home"},"content":{"rendered":"<p>[vc_row full_width=&#8221;stretch_row_content_no_spaces&#8221; overlay_dotted=&#8221;&#8221;][vc_column]<section class=\"swiper-container swiper-style-two fadeslides keyboard unva-windowheight unova-slider-69d41555aa475 \" data-autoplay=\"true\"><div class=\"swiper-wrapper\"><div class=\"swiper-slide \" style=\"background-image: url(https:\/\/partnerasesorias.cl\/web\/wp-content\/uploads\/2023\/10\/slide-inicial-2.png);\">\n                    <div class=\"unva-slide-cpation cpation-left\">\n                      <div class=\"unva-table-wrap\">\n                        <div class=\"unva-align-wrap\">\n                          <div class=\"container\">\n                            <div class=\"cpation-wrap\">\n                              \n                              <div class=\"unva-btn-group animated\" data-animation=\"fadeInDown\">\n                                \n                              <\/div>\n                            <\/div>\n                          <\/div>\n                        <\/div>\n                      <\/div>\n                    <\/div>\n                  <\/div><\/div><\/section>[\/vc_column][\/vc_row][vc_row overlay_dotted=&#8221;&#8221; css=&#8221;.vc_custom_1516186876847{padding-top: 10% !important;}&#8221;][vc_column]<div class=\"section-title-wrap unva-stitle-69d41555aa7b3 cpation-center \"><h2 class=\"section-title\">Nuestros servicios<\/h2><p>Porque sabemos que es importante para la gesti\u00f3n de tu empresa tener una contabilidad al d\u00eda y de forma fidedigna, adem\u00e1s de mantener los cumplimientos tributarios que se exigen, te podemos ayudar en esta labor realizando lo siguiente<\/p><\/div>[\/vc_column][\/vc_row][vc_row overlay_dotted=&#8221;&#8221; css=&#8221;.vc_custom_1516187049355{padding-bottom: 90px !important;}&#8221;][vc_column width=&#8221;1\/3&#8243; offset=&#8221;vc_col-lg-4 vc_col-md-4&#8243;]<div class=\"about-item unva-item unva-about-69d41555aa7fd \">\n                <div class=\"unva-image\">\n                  <img decoding=\"async\" src=\"https:\/\/partnerasesorias.cl\/web\/wp-content\/uploads\/2023\/10\/1.png\" alt=\"\">\n                  <div class=\"unva-icon\">\n                    <div class=\"unva-table-wrap\">\n                      <div class=\"unva-align-wrap\"><i class=\"fa fa-table\"><\/i><\/div>\n                    <\/div>\n                  <\/div>\n                <\/div>\n                <div class=\"about-info\"><h4 class=\"about-title\"><a href=\"#0\" target=\"_self\">Servicios Contables<\/a><\/h4><p>C\u00e1lculo de impuestos mensuales<\/p>\n<p>Pre-balances mensuales<\/p>\n<p>EEFF mensuales o anuales para la correcta toma de decisiones empresariales<\/p>\n<p>Reorganizaci\u00f3n empresarial<\/p>\n<p>Fiscalizaciones SII<\/p>\n<\/div>\n              <\/div>[\/vc_column][vc_column width=&#8221;1\/3&#8243; offset=&#8221;vc_col-lg-4 vc_col-md-4&#8243;]<div class=\"about-item unva-item unva-about-69d41555aaa6d \">\n                <div class=\"unva-image\">\n                  <img decoding=\"async\" src=\"https:\/\/partnerasesorias.cl\/web\/wp-content\/uploads\/2023\/10\/2.png\" alt=\"\">\n                  <div class=\"unva-icon\">\n                    <div class=\"unva-table-wrap\">\n                      <div class=\"unva-align-wrap\"><i class=\"fa fa-user\"><\/i><\/div>\n                    <\/div>\n                  <\/div>\n                <\/div>\n                <div class=\"about-info\"><h4 class=\"about-title\"><a href=\"#0\" target=\"_self\">RRHH y Previsionales<\/a><\/h4><p>C\u00e1lculos de sueldos<\/p>\n<p>C\u00e1lculos y declaraci\u00f3n de imposiciones mensuales<\/p>\n<p>Carga de libros electr\u00f3nicos de remuneraciones en DT<\/p>\n<p>Confecci\u00f3n de contratos<\/p>\n<p>Confecci\u00f3n de finiquitos<\/p>\n<p>C\u00e1lculo de finiquitos<\/p>\n<\/div>\n              <\/div>[\/vc_column][vc_column width=&#8221;1\/3&#8243;]<div class=\"about-item unva-item unva-about-69d41555aac74 \">\n                <div class=\"unva-image\">\n                  <img decoding=\"async\" src=\"https:\/\/partnerasesorias.cl\/web\/wp-content\/uploads\/2023\/10\/3.png\" alt=\"\">\n                  <div class=\"unva-icon\">\n                    <div class=\"unva-table-wrap\">\n                      <div class=\"unva-align-wrap\"><i class=\"fa fa-folder-open\"><\/i><\/div>\n                    <\/div>\n                  <\/div>\n                <\/div>\n                <div class=\"about-info\"><h4 class=\"about-title\"><a href=\"#0\" target=\"_self\">Auditor\u00eda<\/a><\/h4><p>Auditorias financieras y tributarias<\/p>\n<p>Auditoria forense<\/p>\n<p>Revisi\u00f3n de cuentas<\/p>\n<p>Auditoria a empresas y condominios<\/p>\n<\/div>\n              <\/div>[\/vc_column][\/vc_row][vc_row][vc_column width=&#8221;1\/3&#8243;]<div class=\"about-item unva-item unva-about-69d41555aae8e \">\n                <div class=\"unva-image\">\n                  <img decoding=\"async\" src=\"https:\/\/partnerasesorias.cl\/web\/wp-content\/uploads\/2023\/10\/4.png\" alt=\"\">\n                  <div class=\"unva-icon\">\n                    <div class=\"unva-table-wrap\">\n                      <div class=\"unva-align-wrap\"><i class=\"fa fa-gavel\"><\/i><\/div>\n                    <\/div>\n                  <\/div>\n                <\/div>\n                <div class=\"about-info\"><h4 class=\"about-title\"><a href=\"#0\" target=\"_self\">Tributaria<\/a><\/h4><p>Operaci\u00f3n renta<\/p>\n<p>Declaraciones juradas<\/p>\n<p>c\u00e1lculos tributarios<\/p>\n<p>Balances tributarios<\/p>\n<p>Solicitud de 27 bis<\/p>\n<\/div>\n              <\/div>[\/vc_column][vc_column width=&#8221;1\/3&#8243;]<div class=\"about-item unva-item unva-about-69d41555ab070 \">\n                <div class=\"unva-image\">\n                  <img decoding=\"async\" src=\"https:\/\/partnerasesorias.cl\/web\/wp-content\/uploads\/2023\/10\/5.png\" alt=\"\">\n                  <div class=\"unva-icon\">\n                    <div class=\"unva-table-wrap\">\n                      <div class=\"unva-align-wrap\"><i class=\"fa fa-weixin\"><\/i><\/div>\n                    <\/div>\n                  <\/div>\n                <\/div>\n                <div class=\"about-info\"><h4 class=\"about-title\"><a href=\"#0\" target=\"_self\">Outsourcing<\/a><\/h4><p>Prestaci\u00f3n de outsourcing contable<\/p>\n<p>Prestaci\u00f3n de outsourcing RRHH<\/p>\n<p>Representaci\u00f3n ante autoridades fiscalizadoras y recaudadoras<\/p>\n<\/div>\n              <\/div>[\/vc_column][vc_column width=&#8221;1\/3&#8243;][\/vc_column][\/vc_row][vc_row css_animation=&#8221;zoomIn&#8221; overlay_dotted=&#8221;&#8221; css=&#8221;.vc_custom_1696984513753{background-color: rgba(3,77,126,0.1) !important;*background-color: rgb(3,77,126) !important;}&#8221;][vc_column width=&#8221;1\/2&#8243;]<div class=\"section-title-wrap unva-stitle-69d41555ab25a cpation-left \"><h2 class=\"section-title\">Noticias al d\u00eda<\/h2><p>Ent\u00e9rate de las \u00faltimas noticias<\/p><\/div>\n    <!-- Blog Start -->\n    <section class=\"unva-blog blog-style-two \">\n      <div class=\"row\">\n\n          <\/div>\n    \n    <\/section>\n    <!-- Blog End -->\n\n    [\/vc_column][vc_column width=&#8221;1\/2&#8243;]<div class=\"section-title-wrap unva-stitle-69d41555ab534 cpation-left \"><h2 class=\"section-title\">Conversemos<\/h2><p>Cu\u00e9ntanos que necesitas y te responderemos a la brevedad<br \/>\nTel\u00e9fonos : +569 33195674 - 226984003<\/p><\/div><div class=\"unva-contact-form unva-contact-69d41555ab546\">\n<div class=\"wpcf7 no-js\" id=\"wpcf7-f1510-o1\" lang=\"en-US\" dir=\"ltr\" data-wpcf7-id=\"1510\">\n<div class=\"screen-reader-response\"><p role=\"status\" aria-live=\"polite\" aria-atomic=\"true\"><\/p> <ul><\/ul><\/div>\n<form action=\"\/web\/index.php\/wp-json\/wp\/v2\/pages\/427#wpcf7-f1510-o1\" method=\"post\" class=\"wpcf7-form init\" aria-label=\"Contact form\" novalidate=\"novalidate\" data-status=\"init\">\n<fieldset class=\"hidden-fields-container\"><input type=\"hidden\" name=\"_wpcf7\" value=\"1510\" \/><input type=\"hidden\" name=\"_wpcf7_version\" value=\"6.1.5\" \/><input type=\"hidden\" name=\"_wpcf7_locale\" value=\"en_US\" \/><input type=\"hidden\" name=\"_wpcf7_unit_tag\" value=\"wpcf7-f1510-o1\" \/><input type=\"hidden\" name=\"_wpcf7_container_post\" value=\"0\" \/><input type=\"hidden\" name=\"_wpcf7_posted_data_hash\" value=\"\" \/>\n<\/fieldset>\n<div class=\"row\">\n\t<div class=\"col-md-6 col-sm-6\">\n\t\t<p><span class=\"wpcf7-form-control-wrap\" data-name=\"text-858\"><input size=\"40\" maxlength=\"400\" class=\"wpcf7-form-control wpcf7-text wpcf7-validates-as-required name\" aria-required=\"true\" aria-invalid=\"false\" placeholder=\"Nombre\" value=\"\" type=\"text\" name=\"text-858\" \/><\/span>\n\t\t<\/p>\n\t<\/div>\n\t<div class=\"col-md-6 col-sm-6\">\n\t\t<p><span class=\"wpcf7-form-control-wrap\" data-name=\"tel-276\"><input size=\"40\" maxlength=\"400\" class=\"wpcf7-form-control wpcf7-tel wpcf7-validates-as-required wpcf7-text wpcf7-validates-as-tel phone\" aria-required=\"true\" aria-invalid=\"false\" placeholder=\"Tel\u00e9fono\" value=\"\" type=\"tel\" name=\"tel-276\" \/><\/span>\n\t\t<\/p>\n\t<\/div>\n\t<div class=\"col-md-12 col-sm-12\">\n\t\t<p><span class=\"wpcf7-form-control-wrap\" data-name=\"email-522\"><input size=\"40\" maxlength=\"400\" class=\"wpcf7-form-control wpcf7-email wpcf7-validates-as-required wpcf7-text wpcf7-validates-as-email email\" aria-required=\"true\" aria-invalid=\"false\" placeholder=\"Email\" value=\"\" type=\"email\" name=\"email-522\" \/><\/span>\n\t\t<\/p>\n\t<\/div>\n\t<div class=\"col-md-12 col-sm-12\">\n\t\t<p><span class=\"wpcf7-form-control-wrap\" data-name=\"textarea-555\"><textarea cols=\"40\" rows=\"10\" maxlength=\"2000\" class=\"wpcf7-form-control wpcf7-textarea\" aria-invalid=\"false\" placeholder=\"D\u00edganos lo que necesitas\" name=\"textarea-555\"><\/textarea><\/span>\n\t\t<\/p>\n\t<\/div>\n\t<div class=\"col-md-3 col-sm-6\">\n\t\t<p><input class=\"wpcf7-form-control wpcf7-submit has-spinner\" type=\"submit\" value=\"Enviar\" \/>\n\t\t<\/p>\n\t<\/div>\n<\/div><p style=\"display: none !important;\"><label>&#916;<textarea name=\"_wpcf7_ak_hp_textarea\" cols=\"45\" rows=\"8\" maxlength=\"100\"><\/textarea><\/label><input type=\"hidden\" id=\"ak_js_1\" name=\"_wpcf7_ak_js\" value=\"223\"\/><script>document.getElementById( \"ak_js_1\" ).setAttribute( \"value\", ( new Date() ).getTime() );<\/script><\/p><div class=\"wpcf7-response-output\" aria-hidden=\"true\"><\/div>\n<\/form>\n<\/div>\n<\/div>[\/vc_column][\/vc_row]<\/p>\n","protected":false},"excerpt":{"rendered":"[vc_row full_width=&#8221;stretch_row_content_no_spaces&#8221; overlay_dotted=&#8221;&#8221;][vc_column][\/vc_column][\/vc_row][vc_row overlay_dotted=&#8221;&#8221; css=&#8221;.vc_custom_1516186876847{padding-top: 10% !important;}&#8221;][vc_column][\/vc_column][\/vc_row][vc_row overlay_dotted=&#8221;&#8221; css=&#8221;.vc_custom_1516187049355{padding-bottom: 90px !important;}&#8221;][vc_column width=&#8221;1\/3&#8243; offset=&#8221;vc_col-lg-4 vc_col-md-4&#8243;][\/vc_column][vc_column width=&#8221;1\/3&#8243; offset=&#8221;vc_col-lg-4 vc_col-md-4&#8243;][\/vc_column][vc_column width=&#8221;1\/3&#8243;][\/vc_column][\/vc_row][vc_row][vc_column width=&#8221;1\/3&#8243;][\/vc_column][vc_column width=&#8221;1\/3&#8243;][\/vc_column][vc_column width=&#8221;1\/3&#8243;][\/vc_column][\/vc_row][vc_row css_animation=&#8221;zoomIn&#8221; overlay_dotted=&#8221;&#8221; css=&#8221;.vc_custom_1696984513753{background-color: rgba(3,77,126,0.1) !important;*background-color: rgb(3,77,126) !important;}&#8221;][vc_column width=&#8221;1\/2&#8243;][\/vc_column][vc_column width=&#8221;1\/2&#8243;][\/vc_column][\/vc_row]","protected":false},"author":1,"featured_media":0,"parent":0,"menu_order":0,"comment_status":"closed","ping_status":"closed","template":"","meta":{"footnotes":""},"class_list":["post-427","page","type-page","status-publish","hentry"],"aioseo_notices":[],"_links":{"self":[{"href":"https:\/\/partnerasesorias.cl\/web\/index.php\/wp-json\/wp\/v2\/pages\/427","targetHints":{"allow":["GET"]}}],"collection":[{"href":"https:\/\/partnerasesorias.cl\/web\/index.php\/wp-json\/wp\/v2\/pages"}],"about":[{"href":"https:\/\/partnerasesorias.cl\/web\/index.php\/wp-json\/wp\/v2\/types\/page"}],"author":[{"embeddable":true,"href":"https:\/\/partnerasesorias.cl\/web\/index.php\/wp-json\/wp\/v2\/users\/1"}],"replies":[{"embeddable":true,"href":"https:\/\/partnerasesorias.cl\/web\/index.php\/wp-json\/wp\/v2\/comments?post=427"}],"version-history":[{"count":54,"href":"https:\/\/partnerasesorias.cl\/web\/index.php\/wp-json\/wp\/v2\/pages\/427\/revisions"}],"predecessor-version":[{"id":1679,"href":"https:\/\/partnerasesorias.cl\/web\/index.php\/wp-json\/wp\/v2\/pages\/427\/revisions\/1679"}],"wp:attachment":[{"href":"https:\/\/partnerasesorias.cl\/web\/index.php\/wp-json\/wp\/v2\/media?parent=427"}],"curies":[{"name":"wp","href":"https:\/\/api.w.org\/{rel}","templated":true}]}}